{"id":1626,"date":"2016-07-03T11:34:16","date_gmt":"2016-07-03T09:34:16","guid":{"rendered":"http:\/\/chemikalienhandel.info\/?page_id=1626"},"modified":"2020-08-20T08:37:34","modified_gmt":"2020-08-20T06:37:34","slug":"impressum","status":"publish","type":"page","link":"https:\/\/hommel-pharma.com\/en\/impressum\/","title":{"rendered":"Imprint"},"content":{"rendered":"<h1>Imprint<\/h1>\r\n\r\n<hr \/>\r\n\r\n<div class=\"col-md-6\"><strong>Our company name:<\/strong>\r\nChemische Werke Hommel GmbH &amp; Co. KG<strong>Address: <\/strong>\r\nIm Wirrigen 25, 45731 Waltrop, Germany<strong>Legal form:<\/strong>\r\nGmbH &amp; Co.KG\r\n\r\n<strong>Managing Director:<\/strong>\r\nMr. Thorsten-R. V\u00f6lkl\r\n\r\n<strong>Telephone:<\/strong>\r\n+49 2309 60699-0\r\n\r\n<strong>Fax:<\/strong>\r\n+49 2309 60699-30\r\n\r\n<strong>EMail:<\/strong>\r\n<a href=\"\/kontakt\/\"  class=\"mailcrypt\">info<span><span>\u2202<\/span><\/span>hommel-pharma.com<\/a>\r\n\r\n<strong>Internet address:<\/strong>\r\n<a href=\"https:\/\/hommel-pharma.com\/\">www.hommel-pharma.com<\/a>\r\n\r\n<\/div>\r\n<div class=\"col-md-6\">\r\n\r\n<strong>Supervisory authority:<\/strong>\r\nDistrict government, M\u00fcnster\r\n\r\n<strong>Register type:<\/strong>\r\nCommercial register\r\n\r\n<strong>Register \/ Location:<\/strong>\r\nRegister court \/ Recklinghausen\r\n\r\n<strong>Register number:<\/strong>\r\nHR A Recklinghausen 4927\r\n\r\n<strong>Related chamber:<\/strong>\r\nChamber of Commerce, Gelsenkirchen\r\n\r\n<strong>Tax ID:<\/strong>\r\nDE 814031254\r\n\r\n<strong>Professional regulations:<\/strong>\r\nDrug legislation\r\n<a href=\"http:\/\/www.gesetze-im-internet.de\" target=\"_blank\" rel=\"noopener\">www.gesetze-im-internet.de<\/a>\r\n\r\nRegulation on the Application of Good Manufacturing Practice in manufacturing of drugs and active substances and on the application of the good professional practice in the production of products of human origin &#8211; AMWHV\r\n\r\n<\/div>\r\n<div class=\"col-md-12\">\r\n<h4>Webdesign:<\/h4>\r\n<a href=\"http:\/\/www.temp3.de\" target=\"_blank\" rel=\"noopener noreferrer\"> <img decoding=\"async\" class=\"img-responsive\" src=\"http:\/\/temp3.de\/mail_sig.png\" alt=\"temp3\" \/><\/a>\r\n\r\n<\/div>\r\n<div class=\"col-md-12 hdspc ftspc\">\r\n<h2>Privacy Policy<\/h2>\r\n\r\n<hr \/>\r\n\r\n<div class=\"col-md-12\">\r\n\r\nWir erheben, verarbeiten und nutzen Ihre Daten nur im Rahmen der gesetzlichen Bestimmungen.\r\n\r\nDiese Datenschutzerkl\u00e4rung gilt ausschlie\u00dflich f\u00fcr die Nutzung der von uns angebotenen Webseiten. Sie gilt nicht f\u00fcr die Webseiten anderer Dienstanbieter, auf die wir lediglich durch einen Link verweisen.\r\n\r\nBei der Nutzung unserer Webseiten bleiben Sie anonym, solange Sie uns nicht von sich aus freiwillig personenbezogene Daten zur Verf\u00fcgung stellen. Personenbezogene Daten werden nur dann erhoben, wenn dies f\u00fcr die Nutzung der auf der Webseite angebotenen Leistungen, insbesondere Formularangebote, erforderlich ist.\r\n\r\nWir werden die von Ihnen zur Verf\u00fcgung gestellten Daten streng vertraulich behandeln. Ohne Ihre ausdr\u00fcckliche Einwilligung geben wir keine pers\u00f6nlichen Daten weiter, es sei denn, dass wir rechtlich dazu verpflichtet sind. Wir weisen jedoch darauf hin, dass es bei der \u00dcbermittlung von Daten im Internet immer dazu kommen kann, dass Dritte Ihre Daten zur Kenntnis nehmen oder verf\u00e4lschen.\r\n\r\nSofern Sie es von uns verlangen, gew\u00e4hren wir Ihnen Einblick in die \u00fcber Sie gespeicherten Daten, beziehungsweise l\u00f6schen diese. Wenn Sie Daten berichtigen, l\u00f6schen oder einsehen wollen, gen\u00fcgt hierf\u00fcr ein Schreiben an die im Impressum angegebene Adresse.\r\n\r\nIm Rahmen der Benachrichtigung unserer Kunden \u00fcber Produktneuheiten, etc. senden wir Ihnen E-Mails nur zu, sofern Sie uns Ihre E-Mail-Adresse zur Verf\u00fcgung stellen.\r\n\r\n<\/div>\r\n<\/div>\r\n<div class=\"col-md-12\">\r\n\r\n<strong>Fotos:<\/strong>\u00a9 <a href=\"http:\/\/pixabay.com\" target=\"_blank\" rel=\"noopener noreferrer\">http:\/\/pixabay.com<\/a>\r\n\r\n<\/div>","protected":false},"excerpt":{"rendered":"Imprint Our company name: Chemische Werke Hommel GmbH &amp; Co. KGAddress: Im Wirrigen 25, 45731 Waltrop, GermanyLegal form: GmbH &amp; Co.KG Managing Director: Mr. Thorsten-R. V\u00f6lkl Telephone: +49 2309 60699-0 Fax: +49 2309 60699-30 EMail: info\u2202hommel-pharma.com Internet address: www.hommel-pharma.com Supervisory authority: District government, M\u00fcnster Register type: Commercial register Register \/ Location: Register court \/ Recklinghausen [&hellip;]","protected":false},"author":1,"featured_media":0,"parent":0,"menu_order":9999,"comment_status":"closed","ping_status":"closed","template":"","meta":{"footnotes":""},"class_list":["post-1626","page","type-page","status-publish","hentry"],"_links":{"self":[{"href":"https:\/\/hommel-pharma.com\/en\/wp-json\/wp\/v2\/pages\/1626","targetHints":{"allow":["GET"]}}],"collection":[{"href":"https:\/\/hommel-pharma.com\/en\/wp-json\/wp\/v2\/pages"}],"about":[{"href":"https:\/\/hommel-pharma.com\/en\/wp-json\/wp\/v2\/types\/page"}],"author":[{"embeddable":true,"href":"https:\/\/hommel-pharma.com\/en\/wp-json\/wp\/v2\/users\/1"}],"replies":[{"embeddable":true,"href":"https:\/\/hommel-pharma.com\/en\/wp-json\/wp\/v2\/comments?post=1626"}],"version-history":[{"count":38,"href":"https:\/\/hommel-pharma.com\/en\/wp-json\/wp\/v2\/pages\/1626\/revisions"}],"predecessor-version":[{"id":2590,"href":"https:\/\/hommel-pharma.com\/en\/wp-json\/wp\/v2\/pages\/1626\/revisions\/2590"}],"wp:attachment":[{"href":"https:\/\/hommel-pharma.com\/en\/wp-json\/wp\/v2\/media?parent=1626"}],"curies":[{"name":"wp","href":"https:\/\/api.w.org\/{rel}","templated":true}]}}